{"id":116,"date":"2025-12-15T05:04:26","date_gmt":"2025-12-15T05:04:26","guid":{"rendered":"https:\/\/filateca.com\/?page_id=116"},"modified":"2025-12-27T22:26:19","modified_gmt":"2025-12-27T22:26:19","slug":"contact","status":"publish","type":"page","link":"https:\/\/filateca.com\/en\/contact\/","title":{"rendered":"Contact"},"content":{"rendered":"<div class=\"gb-element-c281e8a1\">\n<h2 class=\"wp-block-heading has-contrast-2-color has-base-background-color has-text-color has-background has-link-color wp-elements-41f9cd29c1728e0f99d7e1f711c3ac01\">Contact<\/h2>\n\n\n\n<p style=\"font-size:17px\">We value the exchange of ideas and the construction of shared knowledge. For questions about the platform <strong>Filateca<\/strong>, comments on the <strong>Timbre Magazine<\/strong>, proposals for editorial collaboration, or general inquiries regarding membership or the activities of the <em>Costa Rican Revenue &amp; Postage Society<\/em>, please write directly to us:<\/p>\n\n\n\n<p><strong><a href=\"mailto:myztiko@gmail.com\" target=\"_blank\" rel=\"noreferrer noopener nofollow\">myztiko@gmail.com<\/a><\/strong><\/p>\n<\/div>","protected":false},"excerpt":{"rendered":"<p>Contacto Valoramos el intercambio de ideas y la construcci\u00f3n de conocimiento compartido. Para consultas sobre la plataforma Filateca, comentarios sobre la Revista Timbre, propuestas de colaboraci\u00f3n editorial, o consultas generales sobre la afiliaci\u00f3n o las actividades de la Costa Rican Revenue &amp; Postage Society, por favor escr\u00edbenos directamente a: myztiko@gmail.com<\/p>","protected":false},"author":1,"featured_media":0,"parent":0,"menu_order":0,"comment_status":"closed","ping_status":"closed","template":"","meta":{"_acf_changed":false,"footnotes":""},"class_list":["post-116","page","type-page","status-publish"],"acf":[],"yoast_head":"<!-- This site is optimized with the Yoast SEO plugin v26.6 - https:\/\/yoast.com\/wordpress\/plugins\/seo\/ -->\n<title>Contacto - Filateca<\/title>\n<meta name=\"robots\" content=\"index, follow, max-snippet:-1, max-image-preview:large, max-video-preview:-1\" \/>\n<link rel=\"canonical\" href=\"https:\/\/filateca.com\/en\/contact\/\" \/>\n<meta property=\"og:locale\" content=\"en_US\" \/>\n<meta property=\"og:type\" content=\"article\" \/>\n<meta property=\"og:title\" content=\"Contacto - Filateca\" \/>\n<meta property=\"og:description\" content=\"Contacto Valoramos el intercambio de ideas y la construcci\u00f3n de conocimiento compartido. Para consultas sobre la plataforma Filateca, comentarios sobre la Revista Timbre, propuestas de colaboraci\u00f3n editorial, o consultas generales sobre la afiliaci\u00f3n o las actividades de la Costa Rican Revenue &amp; Postage Society, por favor escr\u00edbenos directamente a: myztiko@gmail.com\" \/>\n<meta property=\"og:url\" content=\"https:\/\/filateca.com\/en\/contact\/\" \/>\n<meta property=\"og:site_name\" content=\"Filateca\" \/>\n<meta property=\"article:modified_time\" content=\"2025-12-27T22:26:19+00:00\" \/>\n<meta name=\"twitter:card\" content=\"summary_large_image\" \/>\n<meta name=\"twitter:label1\" content=\"Est. reading time\" \/>\n\t<meta name=\"twitter:data1\" content=\"1 minute\" \/>\n<script type=\"application\/ld+json\" class=\"yoast-schema-graph\">{\"@context\":\"https:\/\/schema.org\",\"@graph\":[{\"@type\":\"WebPage\",\"@id\":\"https:\/\/filateca.com\/contacto\/\",\"url\":\"https:\/\/filateca.com\/contacto\/\",\"name\":\"Contacto - Filateca\",\"isPartOf\":{\"@id\":\"https:\/\/filateca.com\/#website\"},\"datePublished\":\"2025-12-15T05:04:26+00:00\",\"dateModified\":\"2025-12-27T22:26:19+00:00\",\"breadcrumb\":{\"@id\":\"https:\/\/filateca.com\/contacto\/#breadcrumb\"},\"inLanguage\":\"en-US\",\"potentialAction\":[{\"@type\":\"ReadAction\",\"target\":[\"https:\/\/filateca.com\/contacto\/\"]}]},{\"@type\":\"BreadcrumbList\",\"@id\":\"https:\/\/filateca.com\/contacto\/#breadcrumb\",\"itemListElement\":[{\"@type\":\"ListItem\",\"position\":1,\"name\":\"Home\",\"item\":\"https:\/\/filateca.com\/\"},{\"@type\":\"ListItem\",\"position\":2,\"name\":\"Contacto\"}]},{\"@type\":\"WebSite\",\"@id\":\"https:\/\/filateca.com\/#website\",\"url\":\"https:\/\/filateca.com\/\",\"name\":\"Filateca\",\"description\":\"\",\"potentialAction\":[{\"@type\":\"SearchAction\",\"target\":{\"@type\":\"EntryPoint\",\"urlTemplate\":\"https:\/\/filateca.com\/?s={search_term_string}\"},\"query-input\":{\"@type\":\"PropertyValueSpecification\",\"valueRequired\":true,\"valueName\":\"search_term_string\"}}],\"inLanguage\":\"en-US\"}]}<\/script>\n<!-- \/ Yoast SEO plugin. -->","yoast_head_json":{"title":"Contact - Filateca","robots":{"index":"index","follow":"follow","max-snippet":"max-snippet:-1","max-image-preview":"max-image-preview:large","max-video-preview":"max-video-preview:-1"},"canonical":"https:\/\/filateca.com\/en\/contact\/","og_locale":"en_US","og_type":"article","og_title":"Contacto - Filateca","og_description":"Contacto Valoramos el intercambio de ideas y la construcci\u00f3n de conocimiento compartido. Para consultas sobre la plataforma Filateca, comentarios sobre la Revista Timbre, propuestas de colaboraci\u00f3n editorial, o consultas generales sobre la afiliaci\u00f3n o las actividades de la Costa Rican Revenue &amp; Postage Society, por favor escr\u00edbenos directamente a: myztiko@gmail.com","og_url":"https:\/\/filateca.com\/en\/contact\/","og_site_name":"Filateca","article_modified_time":"2025-12-27T22:26:19+00:00","twitter_card":"summary_large_image","twitter_misc":{"Est. reading time":"1 minute"},"schema":{"@context":"https:\/\/schema.org","@graph":[{"@type":"WebPage","@id":"https:\/\/filateca.com\/contacto\/","url":"https:\/\/filateca.com\/contacto\/","name":"Contact - Filateca","isPartOf":{"@id":"https:\/\/filateca.com\/#website"},"datePublished":"2025-12-15T05:04:26+00:00","dateModified":"2025-12-27T22:26:19+00:00","breadcrumb":{"@id":"https:\/\/filateca.com\/contacto\/#breadcrumb"},"inLanguage":"en-US","potentialAction":[{"@type":"ReadAction","target":["https:\/\/filateca.com\/contacto\/"]}]},{"@type":"BreadcrumbList","@id":"https:\/\/filateca.com\/contacto\/#breadcrumb","itemListElement":[{"@type":"ListItem","position":1,"name":"Home","item":"https:\/\/filateca.com\/"},{"@type":"ListItem","position":2,"name":"Contacto"}]},{"@type":"WebSite","@id":"https:\/\/filateca.com\/#website","url":"https:\/\/filateca.com\/","name":"Filateca","description":"","potentialAction":[{"@type":"SearchAction","target":{"@type":"EntryPoint","urlTemplate":"https:\/\/filateca.com\/?s={search_term_string}"},"query-input":{"@type":"PropertyValueSpecification","valueRequired":true,"valueName":"search_term_string"}}],"inLanguage":"en-US"}]}},"_hostinger_reach_plugin_has_subscription_block":false,"_hostinger_reach_plugin_is_elementor":false,"_links":{"self":[{"href":"https:\/\/filateca.com\/en\/wp-json\/wp\/v2\/pages\/116","targetHints":{"allow":["GET"]}}],"collection":[{"href":"https:\/\/filateca.com\/en\/wp-json\/wp\/v2\/pages"}],"about":[{"href":"https:\/\/filateca.com\/en\/wp-json\/wp\/v2\/types\/page"}],"author":[{"embeddable":true,"href":"https:\/\/filateca.com\/en\/wp-json\/wp\/v2\/users\/1"}],"replies":[{"embeddable":true,"href":"https:\/\/filateca.com\/en\/wp-json\/wp\/v2\/comments?post=116"}],"version-history":[{"count":10,"href":"https:\/\/filateca.com\/en\/wp-json\/wp\/v2\/pages\/116\/revisions"}],"predecessor-version":[{"id":518,"href":"https:\/\/filateca.com\/en\/wp-json\/wp\/v2\/pages\/116\/revisions\/518"}],"wp:attachment":[{"href":"https:\/\/filateca.com\/en\/wp-json\/wp\/v2\/media?parent=116"}],"curies":[{"name":"wp","href":"https:\/\/api.w.org\/{rel}","templated":true}]}}