{"id":114,"date":"2025-12-15T05:04:11","date_gmt":"2025-12-15T05:04:11","guid":{"rendered":"https:\/\/filateca.com\/?page_id=114"},"modified":"2025-12-27T20:47:39","modified_gmt":"2025-12-27T20:47:39","slug":"about-filateca","status":"publish","type":"page","link":"https:\/\/filateca.com\/en\/about-filateca\/","title":{"rendered":"About Filateca"},"content":{"rendered":"<h2 class=\"wp-block-heading has-contrast-3-color has-base-background-color has-text-color has-background has-link-color wp-elements-cb583a5a28a74ef7be1be7e1077f2fee\">About Filateca<\/h2>\n\n\n\n<p class=\"has-contrast-2-color has-text-color has-link-color wp-elements-22f15de27d11bb6a58b6ea4082cdaf9d\" style=\"font-size:17px\">Welcome to the new stage of philately in Costa Rica. Filateca is the technological platform and the sister project that hosts the evolution of Timbre magazine.<\/p>\n\n\n\n<p class=\"has-contrast-2-color has-text-color has-link-color wp-elements-6594ac4a4c9ae40dfa7e28161aa9f86b\" style=\"font-size:17px\">With the launch of the <strong>issue number 47 of Timbre<\/strong>, the history of the company, we mark a turning point in the history of the <em>Costa Rican Revenue &amp; Postage Society<\/em>The definitive transition to digital format. Under a new editorial direction, we have unified efforts to create an ecosystem in which historical research and web technology coexist.<\/p>\n\n\n\n<p class=\"has-contrast-2-color has-text-color has-link-color wp-elements-a3f9fa7a76820e124de9c3acae9ddc5b\" style=\"font-size:17px\">Filateca provides the infrastructure necessary for the Society's content to reach a global audience, ensuring that the valuable work of our members and authors is not only preserved, but also available to all. This is our commitment to the future of collecting: respecting tradition while innovating in its dissemination.<\/p>","protected":false},"excerpt":{"rendered":"<p>Acerca de Filateca Bienvenidos a la nueva etapa de la filatelia en Costa Rica. Filateca es la plataforma tecnol\u00f3gica y el proyecto hermano que alberga la evoluci\u00f3n de la revista Timbre. Con el lanzamiento de la edici\u00f3n n\u00famero 47 de Timbre, marcamos un punto de inflexi\u00f3n en la historia de la Costa Rican Revenue &amp; &#8230; <a title=\"About Filateca\" class=\"read-more\" href=\"https:\/\/filateca.com\/en\/about-filateca\/\" aria-label=\"Read more about Acerca de Filateca\">Read more<\/a><\/p>","protected":false},"author":1,"featured_media":0,"parent":0,"menu_order":0,"comment_status":"closed","ping_status":"closed","template":"","meta":{"_acf_changed":false,"footnotes":""},"class_list":["post-114","page","type-page","status-publish"],"acf":[],"yoast_head":"<!-- This site is optimized with the Yoast SEO plugin v26.6 - https:\/\/yoast.com\/wordpress\/plugins\/seo\/ -->\n<title>Acerca de Filateca - Filateca<\/title>\n<meta name=\"robots\" content=\"index, follow, max-snippet:-1, max-image-preview:large, max-video-preview:-1\" \/>\n<link rel=\"canonical\" href=\"https:\/\/filateca.com\/en\/about-filateca\/\" \/>\n<meta property=\"og:locale\" content=\"en_US\" \/>\n<meta property=\"og:type\" content=\"article\" \/>\n<meta property=\"og:title\" content=\"Acerca de Filateca - Filateca\" \/>\n<meta property=\"og:description\" content=\"Acerca de Filateca Bienvenidos a la nueva etapa de la filatelia en Costa Rica. Filateca es la plataforma tecnol\u00f3gica y el proyecto hermano que alberga la evoluci\u00f3n de la revista Timbre. Con el lanzamiento de la edici\u00f3n n\u00famero 47 de Timbre, marcamos un punto de inflexi\u00f3n en la historia de la Costa Rican Revenue &amp; ... Read more\" \/>\n<meta property=\"og:url\" content=\"https:\/\/filateca.com\/en\/about-filateca\/\" \/>\n<meta property=\"og:site_name\" content=\"Filateca\" \/>\n<meta property=\"article:modified_time\" content=\"2025-12-27T20:47:39+00:00\" \/>\n<meta name=\"twitter:card\" content=\"summary_large_image\" \/>\n<meta name=\"twitter:label1\" content=\"Est. reading time\" \/>\n\t<meta name=\"twitter:data1\" content=\"1 minute\" \/>\n<script type=\"application\/ld+json\" class=\"yoast-schema-graph\">{\"@context\":\"https:\/\/schema.org\",\"@graph\":[{\"@type\":\"WebPage\",\"@id\":\"https:\/\/filateca.com\/acerca-de-filateca\/\",\"url\":\"https:\/\/filateca.com\/acerca-de-filateca\/\",\"name\":\"Acerca de Filateca - Filateca\",\"isPartOf\":{\"@id\":\"https:\/\/filateca.com\/#website\"},\"datePublished\":\"2025-12-15T05:04:11+00:00\",\"dateModified\":\"2025-12-27T20:47:39+00:00\",\"breadcrumb\":{\"@id\":\"https:\/\/filateca.com\/acerca-de-filateca\/#breadcrumb\"},\"inLanguage\":\"en-US\",\"potentialAction\":[{\"@type\":\"ReadAction\",\"target\":[\"https:\/\/filateca.com\/acerca-de-filateca\/\"]}]},{\"@type\":\"BreadcrumbList\",\"@id\":\"https:\/\/filateca.com\/acerca-de-filateca\/#breadcrumb\",\"itemListElement\":[{\"@type\":\"ListItem\",\"position\":1,\"name\":\"Home\",\"item\":\"https:\/\/filateca.com\/\"},{\"@type\":\"ListItem\",\"position\":2,\"name\":\"Acerca de Filateca\"}]},{\"@type\":\"WebSite\",\"@id\":\"https:\/\/filateca.com\/#website\",\"url\":\"https:\/\/filateca.com\/\",\"name\":\"Filateca\",\"description\":\"\",\"potentialAction\":[{\"@type\":\"SearchAction\",\"target\":{\"@type\":\"EntryPoint\",\"urlTemplate\":\"https:\/\/filateca.com\/?s={search_term_string}\"},\"query-input\":{\"@type\":\"PropertyValueSpecification\",\"valueRequired\":true,\"valueName\":\"search_term_string\"}}],\"inLanguage\":\"en-US\"}]}<\/script>\n<!-- \/ Yoast SEO plugin. -->","yoast_head_json":{"title":"About Filateca - Filateca","robots":{"index":"index","follow":"follow","max-snippet":"max-snippet:-1","max-image-preview":"max-image-preview:large","max-video-preview":"max-video-preview:-1"},"canonical":"https:\/\/filateca.com\/en\/about-filateca\/","og_locale":"en_US","og_type":"article","og_title":"Acerca de Filateca - Filateca","og_description":"Acerca de Filateca Bienvenidos a la nueva etapa de la filatelia en Costa Rica. Filateca es la plataforma tecnol\u00f3gica y el proyecto hermano que alberga la evoluci\u00f3n de la revista Timbre. Con el lanzamiento de la edici\u00f3n n\u00famero 47 de Timbre, marcamos un punto de inflexi\u00f3n en la historia de la Costa Rican Revenue &amp; ... Read more","og_url":"https:\/\/filateca.com\/en\/about-filateca\/","og_site_name":"Filateca","article_modified_time":"2025-12-27T20:47:39+00:00","twitter_card":"summary_large_image","twitter_misc":{"Est. reading time":"1 minute"},"schema":{"@context":"https:\/\/schema.org","@graph":[{"@type":"WebPage","@id":"https:\/\/filateca.com\/acerca-de-filateca\/","url":"https:\/\/filateca.com\/acerca-de-filateca\/","name":"About Filateca - Filateca","isPartOf":{"@id":"https:\/\/filateca.com\/#website"},"datePublished":"2025-12-15T05:04:11+00:00","dateModified":"2025-12-27T20:47:39+00:00","breadcrumb":{"@id":"https:\/\/filateca.com\/acerca-de-filateca\/#breadcrumb"},"inLanguage":"en-US","potentialAction":[{"@type":"ReadAction","target":["https:\/\/filateca.com\/acerca-de-filateca\/"]}]},{"@type":"BreadcrumbList","@id":"https:\/\/filateca.com\/acerca-de-filateca\/#breadcrumb","itemListElement":[{"@type":"ListItem","position":1,"name":"Home","item":"https:\/\/filateca.com\/"},{"@type":"ListItem","position":2,"name":"Acerca de Filateca"}]},{"@type":"WebSite","@id":"https:\/\/filateca.com\/#website","url":"https:\/\/filateca.com\/","name":"Filateca","description":"","potentialAction":[{"@type":"SearchAction","target":{"@type":"EntryPoint","urlTemplate":"https:\/\/filateca.com\/?s={search_term_string}"},"query-input":{"@type":"PropertyValueSpecification","valueRequired":true,"valueName":"search_term_string"}}],"inLanguage":"en-US"}]}},"_hostinger_reach_plugin_has_subscription_block":false,"_hostinger_reach_plugin_is_elementor":false,"_links":{"self":[{"href":"https:\/\/filateca.com\/en\/wp-json\/wp\/v2\/pages\/114","targetHints":{"allow":["GET"]}}],"collection":[{"href":"https:\/\/filateca.com\/en\/wp-json\/wp\/v2\/pages"}],"about":[{"href":"https:\/\/filateca.com\/en\/wp-json\/wp\/v2\/types\/page"}],"author":[{"embeddable":true,"href":"https:\/\/filateca.com\/en\/wp-json\/wp\/v2\/users\/1"}],"replies":[{"embeddable":true,"href":"https:\/\/filateca.com\/en\/wp-json\/wp\/v2\/comments?post=114"}],"version-history":[{"count":6,"href":"https:\/\/filateca.com\/en\/wp-json\/wp\/v2\/pages\/114\/revisions"}],"predecessor-version":[{"id":506,"href":"https:\/\/filateca.com\/en\/wp-json\/wp\/v2\/pages\/114\/revisions\/506"}],"wp:attachment":[{"href":"https:\/\/filateca.com\/en\/wp-json\/wp\/v2\/media?parent=114"}],"curies":[{"name":"wp","href":"https:\/\/api.w.org\/{rel}","templated":true}]}}