{"id":108,"date":"2025-12-15T05:03:14","date_gmt":"2025-12-15T05:03:14","guid":{"rendered":"https:\/\/filateca.com\/?page_id=108"},"modified":"2026-01-09T01:07:12","modified_gmt":"2026-01-09T01:07:12","slug":"timbre","status":"publish","type":"page","link":"https:\/\/filateca.com\/en\/","title":{"rendered":"Timbre"},"content":{"rendered":"<div class=\"gb-element-eb174367\">\n<h2 class=\"gb-text gb-text-2b0adef6\">About Timbre<\/h2>\n\n\n\n<p><\/p>\n\n\n\n<p class=\"has-contrast-2-color has-text-color has-link-color wp-elements-350709f1ebbc2d17771fe0f3adfe8dac\" style=\"font-size:17px;font-style:normal;font-weight:400\">Timbre is the reference magazine of the Costa Rican Revenue &amp; Postage Society and, for several years, one of the main spaces for the dissemination of studies, findings and chronicles on Costa Rican philately.<\/p>\n\n\n\n<p class=\"has-contrast-2-color has-text-color has-link-color wp-elements-e1dc34d2d2946e71af23c02963bbc501\" style=\"font-size:17px;font-style:normal;font-weight:400\">Starting with its 47th issue, Timbre begins a new era as a native digital publication. This evolution responds to the need to expand its scope and guarantee its permanence over time, taking advantage of the benefits of the web environment: high resolution images, enriched content and a reading experience accessible from anywhere in the world.<\/p>\n\n\n\n<p class=\"has-contrast-2-color has-text-color has-link-color wp-elements-af29c2bd3b7677d3d8f134a63c9b0166\" style=\"font-size:17px;font-style:normal;font-weight:400\">Under the editorship of Francisco P\u00e9rez, the magazine reaffirms its commitment to academic rigor and postal history, projecting itself into the future of collecting. To materialize this leap, Timbre relies on the technological infrastructure of Filateca, the platform that facilitates its digitization and allows us to disseminate our philatelic heritage from a contemporary perspective.<\/p>\n<\/div>\n\n\n\n<p><\/p>\n\n\n\n<div class=\"gb-element-4a04afa9\">\n<div class=\"wp-block-buttons is-content-justification-center is-layout-flex wp-container-core-buttons-is-layout-16018d1d wp-block-buttons-is-layout-flex\">\n<div class=\"wp-block-button\"><a class=\"wp-block-button__link has-accent-background-color has-background wp-element-button\" href=\"https:\/\/filateca.com\/numero\/timbre-no-47-2025\/\">Read Timbre Number 47<\/a><\/div>\n<\/div>\n<\/div>\n\n\n\n<p><\/p>\n\n\n\n<div class=\"gb-element-48c1c86e\">\n<p class=\"has-contrast-2-color has-text-color has-link-color wp-elements-52d6f5a811ef1210743c39c165571ece\" style=\"font-size:15px\">Publication edited by the Costa Rican Revenue &amp; Postage Society<\/p>\n\n\n\n<figure class=\"wp-block-image size-large is-resized\"><img loading=\"lazy\" decoding=\"async\" width=\"977\" height=\"1024\" src=\"https:\/\/filateca.com\/wp-content\/uploads\/2025\/12\/Costa-Rica-Revenue-Logo1-1-977x1024.jpg\" alt=\"Costa Rican Revenue &amp; Postage Society\" class=\"wp-image-394\" style=\"width:180px\" srcset=\"https:\/\/filateca.com\/wp-content\/uploads\/2025\/12\/Costa-Rica-Revenue-Logo1-1-977x1024.jpg 977w, https:\/\/filateca.com\/wp-content\/uploads\/2025\/12\/Costa-Rica-Revenue-Logo1-1-286x300.jpg 286w, https:\/\/filateca.com\/wp-content\/uploads\/2025\/12\/Costa-Rica-Revenue-Logo1-1-768x805.jpg 768w, https:\/\/filateca.com\/wp-content\/uploads\/2025\/12\/Costa-Rica-Revenue-Logo1-1-1466x1536.jpg 1466w, https:\/\/filateca.com\/wp-content\/uploads\/2025\/12\/Costa-Rica-Revenue-Logo1-1-11x12.jpg 11w, https:\/\/filateca.com\/wp-content\/uploads\/2025\/12\/Costa-Rica-Revenue-Logo1-1.jpg 1623w\" sizes=\"auto, (max-width: 977px) 100vw, 977px\" \/><\/figure>\n<\/div>\n\n\n\n<div style=\"height:100px\" aria-hidden=\"true\" class=\"wp-block-spacer\"><\/div>\n\n\n\n<div style=\"height:100px\" aria-hidden=\"true\" class=\"wp-block-spacer\"><\/div>","protected":false},"excerpt":{"rendered":"<p>Acerca de Timbre Timbre es la revista de referencia de la Costa Rican Revenue &amp; Postage Society y, desde hace varios a\u00f1os, uno de los principales espacios de difusi\u00f3n de estudios, hallazgos y cr\u00f3nicas sobre la filatelia costarricense. A partir de su&nbsp;n\u00famero 47, Timbre inicia una nueva era como publicaci\u00f3n digital nativa. Esta evoluci\u00f3n responde &#8230; <a title=\"Timbre\" class=\"read-more\" href=\"https:\/\/filateca.com\/en\/\" aria-label=\"Read more about Timbre\">Read more<\/a><\/p>","protected":false},"author":1,"featured_media":0,"parent":0,"menu_order":0,"comment_status":"closed","ping_status":"closed","template":"","meta":{"_acf_changed":false,"footnotes":""},"class_list":["post-108","page","type-page","status-publish"],"acf":[],"yoast_head":"<!-- This site is optimized with the Yoast SEO plugin v26.6 - https:\/\/yoast.com\/wordpress\/plugins\/seo\/ -->\n<title>Timbre - Filateca<\/title>\n<meta name=\"robots\" content=\"index, follow, max-snippet:-1, max-image-preview:large, max-video-preview:-1\" \/>\n<link rel=\"canonical\" href=\"https:\/\/filateca.com\/en\/\" \/>\n<meta property=\"og:locale\" content=\"en_US\" \/>\n<meta property=\"og:type\" content=\"article\" \/>\n<meta property=\"og:title\" content=\"Timbre - Filateca\" \/>\n<meta property=\"og:description\" content=\"Acerca de Timbre Timbre es la revista de referencia de la Costa Rican Revenue &amp; Postage Society y, desde hace varios a\u00f1os, uno de los principales espacios de difusi\u00f3n de estudios, hallazgos y cr\u00f3nicas sobre la filatelia costarricense. A partir de su&nbsp;n\u00famero 47, Timbre inicia una nueva era como publicaci\u00f3n digital nativa. Esta evoluci\u00f3n responde ... Read more\" \/>\n<meta property=\"og:url\" content=\"https:\/\/filateca.com\/en\/\" \/>\n<meta property=\"og:site_name\" content=\"Filateca\" \/>\n<meta property=\"article:modified_time\" content=\"2026-01-09T01:07:12+00:00\" \/>\n<meta property=\"og:image\" content=\"https:\/\/filateca.com\/wp-content\/uploads\/2025\/12\/Costa-Rica-Revenue-Logo1-1.jpg\" \/>\n\t<meta property=\"og:image:width\" content=\"1623\" \/>\n\t<meta property=\"og:image:height\" content=\"1701\" \/>\n\t<meta property=\"og:image:type\" content=\"image\/jpeg\" \/>\n<meta name=\"twitter:card\" content=\"summary_large_image\" \/>\n<meta name=\"twitter:label1\" content=\"Est. reading time\" \/>\n\t<meta name=\"twitter:data1\" content=\"1 minute\" \/>\n<script type=\"application\/ld+json\" class=\"yoast-schema-graph\">{\"@context\":\"https:\/\/schema.org\",\"@graph\":[{\"@type\":\"WebPage\",\"@id\":\"https:\/\/filateca.com\/\",\"url\":\"https:\/\/filateca.com\/\",\"name\":\"Timbre - Filateca\",\"isPartOf\":{\"@id\":\"https:\/\/filateca.com\/#website\"},\"primaryImageOfPage\":{\"@id\":\"https:\/\/filateca.com\/#primaryimage\"},\"image\":{\"@id\":\"https:\/\/filateca.com\/#primaryimage\"},\"thumbnailUrl\":\"https:\/\/filateca.com\/wp-content\/uploads\/2025\/12\/Costa-Rica-Revenue-Logo1-1-977x1024.jpg\",\"datePublished\":\"2025-12-15T05:03:14+00:00\",\"dateModified\":\"2026-01-09T01:07:12+00:00\",\"breadcrumb\":{\"@id\":\"https:\/\/filateca.com\/#breadcrumb\"},\"inLanguage\":\"en-US\",\"potentialAction\":[{\"@type\":\"ReadAction\",\"target\":[\"https:\/\/filateca.com\/\"]}]},{\"@type\":\"ImageObject\",\"inLanguage\":\"en-US\",\"@id\":\"https:\/\/filateca.com\/#primaryimage\",\"url\":\"https:\/\/filateca.com\/wp-content\/uploads\/2025\/12\/Costa-Rica-Revenue-Logo1-1-977x1024.jpg\",\"contentUrl\":\"https:\/\/filateca.com\/wp-content\/uploads\/2025\/12\/Costa-Rica-Revenue-Logo1-1-977x1024.jpg\"},{\"@type\":\"BreadcrumbList\",\"@id\":\"https:\/\/filateca.com\/#breadcrumb\",\"itemListElement\":[{\"@type\":\"ListItem\",\"position\":1,\"name\":\"Home\",\"item\":\"https:\/\/filateca.com\/\"},{\"@type\":\"ListItem\",\"position\":2,\"name\":\"Timbre\"}]},{\"@type\":\"WebSite\",\"@id\":\"https:\/\/filateca.com\/#website\",\"url\":\"https:\/\/filateca.com\/\",\"name\":\"Filateca\",\"description\":\"\",\"potentialAction\":[{\"@type\":\"SearchAction\",\"target\":{\"@type\":\"EntryPoint\",\"urlTemplate\":\"https:\/\/filateca.com\/?s={search_term_string}\"},\"query-input\":{\"@type\":\"PropertyValueSpecification\",\"valueRequired\":true,\"valueName\":\"search_term_string\"}}],\"inLanguage\":\"en-US\"}]}<\/script>\n<!-- \/ Yoast SEO plugin. -->","yoast_head_json":{"title":"Timbre - Philatheca","robots":{"index":"index","follow":"follow","max-snippet":"max-snippet:-1","max-image-preview":"max-image-preview:large","max-video-preview":"max-video-preview:-1"},"canonical":"https:\/\/filateca.com\/en\/","og_locale":"en_US","og_type":"article","og_title":"Timbre - Filateca","og_description":"Acerca de Timbre Timbre es la revista de referencia de la Costa Rican Revenue &amp; Postage Society y, desde hace varios a\u00f1os, uno de los principales espacios de difusi\u00f3n de estudios, hallazgos y cr\u00f3nicas sobre la filatelia costarricense. A partir de su&nbsp;n\u00famero 47, Timbre inicia una nueva era como publicaci\u00f3n digital nativa. Esta evoluci\u00f3n responde ... Read more","og_url":"https:\/\/filateca.com\/en\/","og_site_name":"Filateca","article_modified_time":"2026-01-09T01:07:12+00:00","og_image":[{"width":1623,"height":1701,"url":"https:\/\/filateca.com\/wp-content\/uploads\/2025\/12\/Costa-Rica-Revenue-Logo1-1.jpg","type":"image\/jpeg"}],"twitter_card":"summary_large_image","twitter_misc":{"Est. reading time":"1 minute"},"schema":{"@context":"https:\/\/schema.org","@graph":[{"@type":"WebPage","@id":"https:\/\/filateca.com\/","url":"https:\/\/filateca.com\/","name":"Timbre - Philatheca","isPartOf":{"@id":"https:\/\/filateca.com\/#website"},"primaryImageOfPage":{"@id":"https:\/\/filateca.com\/#primaryimage"},"image":{"@id":"https:\/\/filateca.com\/#primaryimage"},"thumbnailUrl":"https:\/\/filateca.com\/wp-content\/uploads\/2025\/12\/Costa-Rica-Revenue-Logo1-1-977x1024.jpg","datePublished":"2025-12-15T05:03:14+00:00","dateModified":"2026-01-09T01:07:12+00:00","breadcrumb":{"@id":"https:\/\/filateca.com\/#breadcrumb"},"inLanguage":"en-US","potentialAction":[{"@type":"ReadAction","target":["https:\/\/filateca.com\/"]}]},{"@type":"ImageObject","inLanguage":"en-US","@id":"https:\/\/filateca.com\/#primaryimage","url":"https:\/\/filateca.com\/wp-content\/uploads\/2025\/12\/Costa-Rica-Revenue-Logo1-1-977x1024.jpg","contentUrl":"https:\/\/filateca.com\/wp-content\/uploads\/2025\/12\/Costa-Rica-Revenue-Logo1-1-977x1024.jpg"},{"@type":"BreadcrumbList","@id":"https:\/\/filateca.com\/#breadcrumb","itemListElement":[{"@type":"ListItem","position":1,"name":"Home","item":"https:\/\/filateca.com\/"},{"@type":"ListItem","position":2,"name":"Timbre"}]},{"@type":"WebSite","@id":"https:\/\/filateca.com\/#website","url":"https:\/\/filateca.com\/","name":"Filateca","description":"","potentialAction":[{"@type":"SearchAction","target":{"@type":"EntryPoint","urlTemplate":"https:\/\/filateca.com\/?s={search_term_string}"},"query-input":{"@type":"PropertyValueSpecification","valueRequired":true,"valueName":"search_term_string"}}],"inLanguage":"en-US"}]}},"_hostinger_reach_plugin_has_subscription_block":false,"_hostinger_reach_plugin_is_elementor":false,"_links":{"self":[{"href":"https:\/\/filateca.com\/en\/wp-json\/wp\/v2\/pages\/108","targetHints":{"allow":["GET"]}}],"collection":[{"href":"https:\/\/filateca.com\/en\/wp-json\/wp\/v2\/pages"}],"about":[{"href":"https:\/\/filateca.com\/en\/wp-json\/wp\/v2\/types\/page"}],"author":[{"embeddable":true,"href":"https:\/\/filateca.com\/en\/wp-json\/wp\/v2\/users\/1"}],"replies":[{"embeddable":true,"href":"https:\/\/filateca.com\/en\/wp-json\/wp\/v2\/comments?post=108"}],"version-history":[{"count":41,"href":"https:\/\/filateca.com\/en\/wp-json\/wp\/v2\/pages\/108\/revisions"}],"predecessor-version":[{"id":563,"href":"https:\/\/filateca.com\/en\/wp-json\/wp\/v2\/pages\/108\/revisions\/563"}],"wp:attachment":[{"href":"https:\/\/filateca.com\/en\/wp-json\/wp\/v2\/media?parent=108"}],"curies":[{"name":"wp","href":"https:\/\/api.w.org\/{rel}","templated":true}]}}